{"id":803,"date":"2018-06-26T17:34:58","date_gmt":"2018-06-26T17:34:58","guid":{"rendered":"http:\/\/www.xn--vll-ula1g.se\/?page_id=803"},"modified":"2024-04-28T17:17:30","modified_gmt":"2024-04-28T17:17:30","slug":"byvardsforeningen-nyheter","status":"publish","type":"page","link":"https:\/\/www.xn--vll-ula1g.se\/?page_id=803","title":{"rendered":"Nyheter"},"content":{"rendered":"<h1><\/h1>\n<h2>Kalendarium V\u00e5ll\u00f6 Byv\u00e5rdsf\u00f6rening\u00a0 2024<\/h2>\n<p>Byst\u00e4dning Kristi Himmelf\u00e4rds dag 9 maj. Samling vid Thimans kr\u00f6k kl 09.00. V\u00e5fflor i Paviljongen fr\u00e5n ca 1145.<\/p>\n<p>Midsommarfirande 21 juni i B\u00e5tn\u00e4s. Samling kl 14.00<\/p>\n<p>Fixardag p\u00e5 fastigheten Paviljongen 4 juli kl 9.00. Fasadtv\u00e4tt, m\u00e5lning mm.<\/p>\n<p>\u00c5rsm\u00f6te i byv\u00e5rdsf\u00f6reningen 12 juli kl 17.00 i Paviljongen. Gemensam grillfest efter\u00e5t.<\/p>\n<p>V\u00e5ll\u00f6s historia! Historikern Jonny Nilsson g\u00e4star oss 21 juli kl 14.00 i Paviljongen och ber\u00e4ttar om n\u00e5got sp\u00e4nnande lokalhistoriskt.<\/p>\n<blockquote>\n<div>\n<div><\/div>\n<div><\/div>\n<div>\n<div>\n<div><\/div>\n<\/div>\n<\/div>\n<\/div>\n<\/blockquote>\n","protected":false},"excerpt":{"rendered":"<p>Kalendarium V\u00e5ll\u00f6 Byv\u00e5rdsf\u00f6rening\u00a0 2024 Byst\u00e4dning Kristi Himmelf\u00e4rds dag 9 maj. Samling vid Thimans kr\u00f6k kl 09.00. V\u00e5fflor i Paviljongen fr\u00e5n ca 1145. Midsommarfirande 21 juni i B\u00e5tn\u00e4s. Samling kl 14.00 Fixardag p\u00e5 fastigheten Paviljongen 4 juli kl 9.00. Fasadtv\u00e4tt, m\u00e5lning &hellip; <a href=\"https:\/\/www.xn--vll-ula1g.se\/?page_id=803\">L\u00e4s mer <span class=\"meta-nav\">&rarr;<\/span><\/a><\/p>\n","protected":false},"author":4,"featured_media":829,"parent":28,"menu_order":1,"comment_status":"closed","ping_status":"closed","template":"onecolumn-page.php","meta":{"ngg_post_thumbnail":0,"footnotes":""},"class_list":["post-803","page","type-page","status-publish","has-post-thumbnail","hentry"],"_links":{"self":[{"href":"https:\/\/www.xn--vll-ula1g.se\/index.php?rest_route=\/wp\/v2\/pages\/803"}],"collection":[{"href":"https:\/\/www.xn--vll-ula1g.se\/index.php?rest_route=\/wp\/v2\/pages"}],"about":[{"href":"https:\/\/www.xn--vll-ula1g.se\/index.php?rest_route=\/wp\/v2\/types\/page"}],"author":[{"embeddable":true,"href":"https:\/\/www.xn--vll-ula1g.se\/index.php?rest_route=\/wp\/v2\/users\/4"}],"replies":[{"embeddable":true,"href":"https:\/\/www.xn--vll-ula1g.se\/index.php?rest_route=%2Fwp%2Fv2%2Fcomments&post=803"}],"version-history":[{"count":10,"href":"https:\/\/www.xn--vll-ula1g.se\/index.php?rest_route=\/wp\/v2\/pages\/803\/revisions"}],"predecessor-version":[{"id":1010,"href":"https:\/\/www.xn--vll-ula1g.se\/index.php?rest_route=\/wp\/v2\/pages\/803\/revisions\/1010"}],"up":[{"embeddable":true,"href":"https:\/\/www.xn--vll-ula1g.se\/index.php?rest_route=\/wp\/v2\/pages\/28"}],"wp:featuredmedia":[{"embeddable":true,"href":"https:\/\/www.xn--vll-ula1g.se\/index.php?rest_route=\/wp\/v2\/media\/829"}],"wp:attachment":[{"href":"https:\/\/www.xn--vll-ula1g.se\/index.php?rest_route=%2Fwp%2Fv2%2Fmedia&parent=803"}],"curies":[{"name":"wp","href":"https:\/\/api.w.org\/{rel}","templated":true}]}}