{"id":362,"date":"2015-08-09T12:27:26","date_gmt":"2015-08-09T12:27:26","guid":{"rendered":"http:\/\/www.xn--vll-ula1g.se\/?page_id=362"},"modified":"2024-04-28T17:10:46","modified_gmt":"2024-04-28T17:10:46","slug":"styrelse-vallo-byvardsforening","status":"publish","type":"page","link":"https:\/\/www.xn--vll-ula1g.se\/?page_id=362","title":{"rendered":"Styrelse"},"content":{"rendered":"<p><strong>V\u00e5ll\u00f6 Byv\u00e5rdsf\u00f6renings styrelse<\/strong>:<\/p>\n<p>Ordf\u00f6rande: Irene Svenonius, irene@irenesvenonius.se<\/p>\n<p>Sekreterare: Tomas Ireman,\u00a0tomas.ireman@gmail.com<\/p>\n<p>Kass\u00f6r: Allan Karlsson,\u00a0<a href=\"mailto:hallan.karlsson@telia.com\" target=\"_blank\" rel=\"noopener\">hallan.karlsson@telia.com<\/a><\/p>\n<p>Ledamot: Lotta Petersson,\u00a0 vallo@telia.com<\/p>\n<p>Ledamot: Eva Danielsson, eva@reqiro.se<\/p>\n","protected":false},"excerpt":{"rendered":"<p>V\u00e5ll\u00f6 Byv\u00e5rdsf\u00f6renings styrelse: Ordf\u00f6rande: Irene Svenonius, irene@irenesvenonius.se Sekreterare: Tomas Ireman,\u00a0tomas.ireman@gmail.com Kass\u00f6r: Allan Karlsson,\u00a0hallan.karlsson@telia.com Ledamot: Lotta Petersson,\u00a0 vallo@telia.com Ledamot: Eva Danielsson, eva@reqiro.se<\/p>\n","protected":false},"author":2,"featured_media":0,"parent":28,"menu_order":2,"comment_status":"closed","ping_status":"closed","template":"onecolumn-page.php","meta":{"ngg_post_thumbnail":0,"footnotes":""},"class_list":["post-362","page","type-page","status-publish","hentry"],"_links":{"self":[{"href":"https:\/\/www.xn--vll-ula1g.se\/index.php?rest_route=\/wp\/v2\/pages\/362"}],"collection":[{"href":"https:\/\/www.xn--vll-ula1g.se\/index.php?rest_route=\/wp\/v2\/pages"}],"about":[{"href":"https:\/\/www.xn--vll-ula1g.se\/index.php?rest_route=\/wp\/v2\/types\/page"}],"author":[{"embeddable":true,"href":"https:\/\/www.xn--vll-ula1g.se\/index.php?rest_route=\/wp\/v2\/users\/2"}],"replies":[{"embeddable":true,"href":"https:\/\/www.xn--vll-ula1g.se\/index.php?rest_route=%2Fwp%2Fv2%2Fcomments&post=362"}],"version-history":[{"count":7,"href":"https:\/\/www.xn--vll-ula1g.se\/index.php?rest_route=\/wp\/v2\/pages\/362\/revisions"}],"predecessor-version":[{"id":1008,"href":"https:\/\/www.xn--vll-ula1g.se\/index.php?rest_route=\/wp\/v2\/pages\/362\/revisions\/1008"}],"up":[{"embeddable":true,"href":"https:\/\/www.xn--vll-ula1g.se\/index.php?rest_route=\/wp\/v2\/pages\/28"}],"wp:attachment":[{"href":"https:\/\/www.xn--vll-ula1g.se\/index.php?rest_route=%2Fwp%2Fv2%2Fmedia&parent=362"}],"curies":[{"name":"wp","href":"https:\/\/api.w.org\/{rel}","templated":true}]}}