{"id":327,"date":"2015-02-19T16:55:30","date_gmt":"2015-02-19T16:55:30","guid":{"rendered":"http:\/\/www.xn--vll-ula1g.se\/?page_id=327"},"modified":"2020-05-23T16:36:16","modified_gmt":"2020-05-23T16:36:16","slug":"vallo-ii-historie","status":"publish","type":"page","link":"https:\/\/www.xn--vll-ula1g.se\/?page_id=327","title":{"rendered":"V\u00e5ll\u00f6 II Historie"},"content":{"rendered":"<p><strong>Tillverkningsnr&nbsp;<\/strong><strong>414&nbsp;<\/strong><strong>typ Passb\u00e5t med namnet V\u00e5ll\u00f6 II<\/strong><\/p>\n<p>Lidwall &amp; S\u00f6ner AB levererade denna passagerarb\u00e5t till V\u00e5ll\u00f6 b\u00e5tf\u00f6reningen den 17 december 1959. B\u00e5ten byggdes som isbrytande Passb\u00e5t f\u00f6r transport fr\u00e5n och till V\u00e5ll\u00f6 som ligger i Norra Kalmarsund. L\u00e4ngd 10 m. Bredd 3 m. Motorn var en Volvo Penta MD 67 med motornummer p\u00e5 75 hkr. Bordl\u00e4ggningen byggdes i 6 mm pl\u00e5t, i bogen under vattenlinjen \u00f6kades tjockleken till 7 mm. spanten utf\u00f6rdes i plattj\u00e4rn, 50 x 9 mm, allt i fartygskvalit\u00e9. B\u00e5ten hade en vikt av ca 7 ton. Byggdes f\u00f6r stor kustfart och kan ta 16 passagerare.<\/p>\n<p>B\u00e5ten har \u00e4nnu samma \u00e4gare och g\u00e5r p\u00e5 samma trad fr\u00e5n M\u00f6nster\u00e5s. Trafik p\u00e5 traden Svart\u00f6 &#8211; V\u00e5ll\u00f6, M\u00f6nster\u00e5s. Botten \u00e4r bytt och lika s\u00e5 motorn nu till en Ford p\u00e5 typ 2704 p\u00e5 180 Hkr Bilder och ombyggnadsuppgifter fr\u00e5n&nbsp;<a href=\"http:\/\/www.skargardsbatar.se\/vallo2_1959\/\">www.skargardsbatar.se\/vallo2_1959\/<\/a><\/p>\n<p>&nbsp;<\/p>\n<table border=\"0\" width=\"456\" cellspacing=\"1\" cellpadding=\"1\">\n<tbody>\n<tr>\n<td>\n<table border=\"0\" width=\"450\" cellspacing=\"0\" cellpadding=\"0\">\n<tbody>\n<tr>\n<td>\n<table border=\"0\" width=\"100%\" cellspacing=\"1\" cellpadding=\"2\">\n<tbody>\n<tr align=\"left\" valign=\"top\">\n<td width=\"100\"><span class=\"fartygsfaktarubrik\">&nbsp;Fartygsfakta&nbsp;&nbsp;<\/span><\/td>\n<td width=\"330\"><span class=\"fartygsfaktarubrik\">&nbsp;<\/span><\/td>\n<td width=\"10\"><span class=\"fartygsfaktarubrik\"><img loading=\"lazy\" decoding=\"async\" src=\"http:\/\/www.skargardsbatar.se\/bilder\/osynling.gif\" alt=\"Informationsk\u00e4llor: * Anders Winter, EMA 2011-09-22, PN\" width=\"10\" height=\"10\" border=\"0\"><\/span><\/td>\n<\/tr>\n<\/tbody>\n<\/table>\n<\/td>\n<\/tr>\n<tr>\n<td>\n<table border=\"0\" width=\"100%\" cellspacing=\"1\" cellpadding=\"1\">\n<tbody>\n<tr>\n<td colspan=\"2\"><img loading=\"lazy\" decoding=\"async\" src=\"http:\/\/www.skargardsbatar.se\/bilder\/minibild.gif\" alt=\"\" width=\"10\" height=\"3\"><\/td>\n<\/tr>\n<tr align=\"left\" valign=\"top\">\n<td width=\"100\"><span class=\"fartygsfaktafet\">&nbsp;&nbsp;Byggd<\/span><\/td>\n<td width=\"348\"><span class=\"fartygsfakta\">1959<\/span><\/td>\n<\/tr>\n<tr align=\"left\" valign=\"top\">\n<td width=\"100\"><span class=\"fartygsfaktafet\">&nbsp;&nbsp;Varv<\/span><\/td>\n<td width=\"348\"><a class=\"fartygsfaktalank\" href=\"http:\/\/www.skargardsbatar.se\/lidwallsoner.shtml\" target=\"_top\" rel=\"noopener noreferrer\">Lidwall &amp; S\u00f6ner AB, Leksand<\/a><\/td>\n<\/tr>\n<tr align=\"left\" valign=\"top\">\n<td width=\"100\"><span class=\"fartygsfaktafet\">&nbsp;&nbsp;Varvsnummer<\/span><\/td>\n<td width=\"348\"><span class=\"fartygsfakta\">414<\/span><\/td>\n<\/tr>\n<tr align=\"left\" valign=\"top\">\n<td width=\"100\"><span class=\"fartygsfaktafet\">&nbsp;&nbsp;Registernr<\/span><\/td>\n<td width=\"348\"><span class=\"fartygsfakta\">&#8211;<\/span><\/td>\n<\/tr>\n<tr align=\"left\" valign=\"top\">\n<td width=\"100\"><span class=\"fartygsfaktafet\">&nbsp;&nbsp;Fartygstyp<\/span><\/td>\n<td width=\"348\"><span class=\"fartygsfakta\">Motorfartyg<\/span><\/td>\n<\/tr>\n<tr align=\"left\" valign=\"top\">\n<td width=\"100\"><span class=\"fartygsfaktafet\">&nbsp;&nbsp;Material<\/span><\/td>\n<td width=\"348\"><span class=\"fartygsfakta\">St\u00e5l<\/span><\/td>\n<\/tr>\n<tr align=\"left\" valign=\"top\">\n<td width=\"100\"><span class=\"fartygsfaktafet\">&nbsp;&nbsp;IMO nummer<\/span><\/td>\n<td width=\"348\"><span class=\"fartygsfakta\">&#8211;<\/span><\/td>\n<\/tr>\n<tr align=\"left\" valign=\"top\">\n<td width=\"100\"><span class=\"fartygsfaktafet\">&nbsp;&nbsp;Signal<\/span><\/td>\n<td width=\"348\"><span class=\"fartygsfakta\">&#8211;<\/span><\/td>\n<\/tr>\n<tr align=\"left\" valign=\"top\">\n<td width=\"100\"><span class=\"fartygsfaktafet\">&nbsp;&nbsp;Systerfartyg<\/span><\/td>\n<td width=\"348\"><span class=\"fartygsfakta\">&#8211;<\/span><\/td>\n<\/tr>\n<\/tbody>\n<\/table>\n<\/td>\n<\/tr>\n<tr>\n<td><img decoding=\"async\" src=\"http:\/\/www.skargardsbatar.se\/bilder\/tabellbakgrundnere450.gif\" alt=\"\"><\/td>\n<\/tr>\n<\/tbody>\n<\/table>\n<\/td>\n<\/tr>\n<tr>\n<td><img loading=\"lazy\" decoding=\"async\" src=\"http:\/\/www.skargardsbatar.se\/bilder\/minibild.gif\" alt=\"\" width=\"10\" height=\"3\"><\/td>\n<\/tr>\n<tr>\n<td colspan=\"2&quot;\">\n<table border=\"0\" width=\"450\" cellspacing=\"0\" cellpadding=\"0\">\n<tbody>\n<tr>\n<td>\n<table style=\"height: 61px;\" border=\"0\" width=\"541\" cellspacing=\"1\" cellpadding=\"2\">\n<tbody>\n<tr align=\"left\" valign=\"top\">\n<td width=\"100\"><span class=\"fartygsfaktarubrik\">&nbsp;Teknisk data<\/span><\/td>\n<td width=\"167\"><span class=\"fartygsfaktarubrik\">Vid byggnation<\/span><\/td>\n<td width=\"177\"><span class=\"fartygsfaktarubrik\">Idag<\/span><\/td>\n<\/tr>\n<\/tbody>\n<\/table>\n<\/td>\n<\/tr>\n<tr>\n<td>\n<table style=\"height: 373px;\" border=\"0\" width=\"541\" cellspacing=\"1\" cellpadding=\"1\">\n<tbody>\n<tr>\n<td colspan=\"3\"><img loading=\"lazy\" decoding=\"async\" src=\"http:\/\/www.skargardsbatar.se\/bilder\/minibild.gif\" alt=\"\" width=\"10\" height=\"3\"><\/td>\n<\/tr>\n<tr align=\"left\" valign=\"top\">\n<td width=\"100\"><span class=\"fartygsfaktafet\">&nbsp;&nbsp;L\u00e4ngd \u00f6a<\/span><\/td>\n<td width=\"167\"><span class=\"fartygsfakta\">10,00 meter<\/span><\/td>\n<td width=\"177\"><span class=\"fartygsfakta\">10,00 meter<\/span><\/td>\n<\/tr>\n<tr align=\"left\" valign=\"top\">\n<td width=\"100\"><span class=\"fartygsfaktafet\">&nbsp;&nbsp;St\u00f6rsta bredd<\/span><\/td>\n<td width=\"167\"><span class=\"fartygsfakta\">3,00 meter<\/span><\/td>\n<td width=\"177\"><span class=\"fartygsfakta\">3,00 meter<\/span><\/td>\n<\/tr>\n<tr align=\"left\" valign=\"top\">\n<td width=\"100\"><span class=\"fartygsfaktafet\">&nbsp;&nbsp;Djupg\u00e5ende<\/span><\/td>\n<td width=\"167\"><span class=\"fartygsfakta\">&#8211;<\/span><\/td>\n<td width=\"177\"><span class=\"fartygsfakta\">&#8211;<\/span><\/td>\n<\/tr>\n<tr align=\"left\" valign=\"top\">\n<td width=\"100\"><span class=\"fartygsfaktafet\">&nbsp;&nbsp;Brt\/Nrt<\/span><\/td>\n<td width=\"167\"><span class=\"fartygsfakta\">&#8211;<\/span><\/td>\n<td width=\"177\"><span class=\"fartygsfakta\">&#8211;<\/span><\/td>\n<\/tr>\n<tr>\n<td colspan=\"3\"><img loading=\"lazy\" decoding=\"async\" src=\"http:\/\/www.skargardsbatar.se\/bilder\/minibild2.gif\" alt=\"\" width=\"10\" height=\"3\"><\/td>\n<\/tr>\n<tr align=\"left\" valign=\"top\">\n<td width=\"100\"><span class=\"fartygsfaktafet\">&nbsp;&nbsp;Maskineri<\/span><\/td>\n<td width=\"167\"><span class=\"fartygsfakta\">1 x Volvo MD 67<\/span><\/td>\n<td width=\"177\"><span class=\"fartygsfakta\">1 x Ford 2704 ET<\/span><\/td>\n<\/tr>\n<tr align=\"left\" valign=\"top\">\n<td width=\"100\"><span class=\"fartygsfaktafet\">&nbsp;&nbsp;Effekt<\/span><\/td>\n<td width=\"167\"><span class=\"fartygsfakta\">75 hk, 55 kW<\/span><\/td>\n<td width=\"177\"><span class=\"fartygsfakta\">180 hk, 132 kW<\/span><\/td>\n<\/tr>\n<tr align=\"left\" valign=\"top\">\n<td width=\"100\"><span class=\"fartygsfaktafet\">&nbsp;&nbsp;Toppfart<\/span><\/td>\n<td width=\"167\"><span class=\"fartygsfakta\">&#8211;<\/span><\/td>\n<td width=\"177\"><span class=\"fartygsfakta\">&#8211;<\/span><\/td>\n<\/tr>\n<tr align=\"left\" valign=\"top\">\n<td width=\"100\"><span class=\"fartygsfaktafet\">&nbsp;&nbsp;Kapacitet<\/span><\/td>\n<td width=\"167\"><span class=\"fartygsfakta\">16 passagerare<\/span><\/td>\n<td width=\"177\"><span class=\"fartygsfakta\">16 passagerare<\/span><\/td>\n<\/tr>\n<\/tbody>\n<\/table>\n<\/td>\n<\/tr>\n<tr>\n<td><img decoding=\"async\" src=\"http:\/\/www.skargardsbatar.se\/bilder\/tabellbakgrundnere450.gif\" alt=\"\"><\/td>\n<\/tr>\n<\/tbody>\n<\/table>\n<\/td>\n<\/tr>\n<tr>\n<td><img loading=\"lazy\" decoding=\"async\" src=\"http:\/\/www.skargardsbatar.se\/bilder\/minibild.gif\" alt=\"\" width=\"10\" height=\"3\"><\/td>\n<\/tr>\n<tr>\n<td>\n<table border=\"0\" width=\"450\" cellspacing=\"0\" cellpadding=\"0\">\n<tbody>\n<tr>\n<td>\n<table border=\"0\" width=\"100%\" cellspacing=\"1\" cellpadding=\"2\">\n<tbody>\n<tr align=\"left\" valign=\"top\">\n<td width=\"100\"><span class=\"fartygsfaktarubrik\">&nbsp;&nbsp;Historik<\/span><\/td>\n<\/tr>\n<\/tbody>\n<\/table>\n<\/td>\n<\/tr>\n<tr>\n<td>\n<table border=\"0\" width=\"450\" cellspacing=\"1\" cellpadding=\"1\">\n<tbody>\n<tr>\n<td colspan=\"3\"><img loading=\"lazy\" decoding=\"async\" src=\"http:\/\/www.skargardsbatar.se\/bilder\/minibild.gif\" alt=\"\" width=\"10\" height=\"3\"><\/td>\n<\/tr>\n<tr align=\"left\" valign=\"top\">\n<td width=\"100\"><span class=\"fartygsfaktafet\">&nbsp;&nbsp;1959-12-17<\/span><\/td>\n<td><span class=\"fartygsfakta\">Levererad av Lidwall &amp; S\u00f6ner AB som <b>V\u00e5ll\u00f6 II<\/b> till V\u00e5ll\u00f6 B\u00e5tf\u00f6rening EF, V\u00e5ll\u00f6, M\u00f6nster\u00e5s. Trafik p\u00e5 traden Svart\u00f6 &#8211; V\u00e5ll\u00f6, M\u00f6nster\u00e5s.<\/span><\/td>\n<td width=\"3\">&nbsp;<\/td>\n<\/tr>\n<tr align=\"left\" valign=\"top\">\n<td width=\"100\"><span class=\"fartygsfaktafet\">&nbsp;&nbsp;2014-09<\/span><\/td>\n<td><span class=\"fartygsfakta\">Ny huvudmaskin, av fabrikat Ford 2704 ET, 180 hk, 132 kW, installeras p\u00e5 Claes Rampeltins varv i M\u00f6nster\u00e5s.<\/span><\/td>\n<td width=\"3\">&nbsp;<\/td>\n<\/tr>\n<\/tbody>\n<\/table>\n<\/td>\n<\/tr>\n<tr>\n<td><img decoding=\"async\" src=\"http:\/\/www.skargardsbatar.se\/bilder\/tabellbakgrundnere450.gif\" alt=\"\"><\/td>\n<\/tr>\n<\/tbody>\n<\/table>\n<\/td>\n<\/tr>\n<\/tbody>\n<\/table>\n<p><img loading=\"lazy\" decoding=\"async\" class=\"alignleft size-large wp-image-953\" src=\"http:\/\/www.xn--vll-ula1g.se\/wp-content\/uploads\/2020\/05\/scan-020-1024x725.jpg\" alt=\"\" width=\"640\" height=\"453\" srcset=\"https:\/\/www.xn--vll-ula1g.se\/wp-content\/uploads\/2020\/05\/scan-020-1024x725.jpg 1024w, https:\/\/www.xn--vll-ula1g.se\/wp-content\/uploads\/2020\/05\/scan-020-300x212.jpg 300w, https:\/\/www.xn--vll-ula1g.se\/wp-content\/uploads\/2020\/05\/scan-020-768x544.jpg 768w\" sizes=\"(max-width: 640px) 100vw, 640px\" \/><\/p>\n<div id=\"attachment_328\" style=\"width: 423px\" class=\"wp-caption aligncenter\"><a href=\"http:\/\/www.xn--vll-ula1g.se\/wp-content\/uploads\/2015\/02\/dok-V\u00e5ll\u00f6-II.jpg\"><img loading=\"lazy\" decoding=\"async\" aria-describedby=\"caption-attachment-328\" class=\" wp-image-328\" src=\"http:\/\/www.xn--vll-ula1g.se\/wp-content\/uploads\/2015\/02\/dok-V\u00e5ll\u00f6-II-214x300.jpg\" alt=\"dok V\u00e5ll\u00f6 II\" width=\"413\" height=\"580\" srcset=\"https:\/\/www.xn--vll-ula1g.se\/wp-content\/uploads\/2015\/02\/dok-V\u00e5ll\u00f6-II-214x300.jpg 214w, https:\/\/www.xn--vll-ula1g.se\/wp-content\/uploads\/2015\/02\/dok-V\u00e5ll\u00f6-II.jpg 624w\" sizes=\"(max-width: 413px) 100vw, 413px\" \/><\/a><p id=\"caption-attachment-328\" class=\"wp-caption-text\">Leverans dokument<\/p><\/div>\n<div id=\"attachment_333\" style=\"width: 310px\" class=\"wp-caption aligncenter\"><a href=\"http:\/\/www.xn--vll-ula1g.se\/wp-content\/uploads\/2015\/02\/V\u00e5ll\u00f6-II-p\u00e5-varv-1.jpg\"><img loading=\"lazy\" decoding=\"async\" aria-describedby=\"caption-attachment-333\" class=\"wp-image-333\" src=\"http:\/\/www.xn--vll-ula1g.se\/wp-content\/uploads\/2015\/02\/V\u00e5ll\u00f6-II-p\u00e5-varv-1-300x190.jpg\" alt=\"V\u00e5ll\u00f6 II p\u00e5 varv 1\" width=\"300\" height=\"190\" srcset=\"https:\/\/www.xn--vll-ula1g.se\/wp-content\/uploads\/2015\/02\/V\u00e5ll\u00f6-II-p\u00e5-varv-1-300x190.jpg 300w, https:\/\/www.xn--vll-ula1g.se\/wp-content\/uploads\/2015\/02\/V\u00e5ll\u00f6-II-p\u00e5-varv-1.jpg 450w\" sizes=\"(max-width: 300px) 100vw, 300px\" \/><\/a><p id=\"caption-attachment-333\" class=\"wp-caption-text\">V\u00e5ll\u00f6 II p\u00e5 Oskarshamn varv &#8211; h\u00f6sten 2011 &#8211; F\u00f6r<\/p><\/div>\n<div id=\"attachment_337\" style=\"width: 310px\" class=\"wp-caption aligncenter\"><a href=\"http:\/\/www.xn--vll-ula1g.se\/wp-content\/uploads\/2015\/02\/IMG_1456.jpg\"><img loading=\"lazy\" decoding=\"async\" aria-describedby=\"caption-attachment-337\" class=\"wp-image-337 size-medium\" src=\"http:\/\/www.xn--vll-ula1g.se\/wp-content\/uploads\/2015\/02\/IMG_1456-300x225.jpg\" alt=\"Hemma p\u00e5 V\u00e5ll\u00f6 - Januari 2012\" width=\"300\" height=\"225\" srcset=\"https:\/\/www.xn--vll-ula1g.se\/wp-content\/uploads\/2015\/02\/IMG_1456-300x225.jpg 300w, https:\/\/www.xn--vll-ula1g.se\/wp-content\/uploads\/2015\/02\/IMG_1456-1024x768.jpg 1024w\" sizes=\"(max-width: 300px) 100vw, 300px\" \/><\/a><p id=\"caption-attachment-337\" class=\"wp-caption-text\">Hemma p\u00e5 V\u00e5ll\u00f6 &#8211; Januari 2012 &#8211; Efter<\/p><\/div>\n<div id=\"attachment_334\" style=\"width: 310px\" class=\"wp-caption aligncenter\"><a href=\"http:\/\/www.xn--vll-ula1g.se\/wp-content\/uploads\/2015\/02\/IMG_0948.jpg\"><img loading=\"lazy\" decoding=\"async\" aria-describedby=\"caption-attachment-334\" class=\"wp-image-334 size-medium\" src=\"http:\/\/www.xn--vll-ula1g.se\/wp-content\/uploads\/2015\/02\/IMG_0948-300x169.jpg\" alt=\"Efter sandbl\u00e4string agter\" width=\"300\" height=\"169\" srcset=\"https:\/\/www.xn--vll-ula1g.se\/wp-content\/uploads\/2015\/02\/IMG_0948-300x169.jpg 300w, https:\/\/www.xn--vll-ula1g.se\/wp-content\/uploads\/2015\/02\/IMG_0948-1024x575.jpg 1024w\" sizes=\"(max-width: 300px) 100vw, 300px\" \/><\/a><p id=\"caption-attachment-334\" class=\"wp-caption-text\">Sandbl\u00e4string &#8211; agter<\/p><\/div>\n<div id=\"attachment_335\" style=\"width: 310px\" class=\"wp-caption aligncenter\"><a href=\"http:\/\/www.xn--vll-ula1g.se\/wp-content\/uploads\/2015\/02\/IMG_0953.jpg\"><img loading=\"lazy\" decoding=\"async\" aria-describedby=\"caption-attachment-335\" class=\"wp-image-335 size-medium\" src=\"http:\/\/www.xn--vll-ula1g.se\/wp-content\/uploads\/2015\/02\/IMG_0953-300x225.jpg\" alt=\"Efter sandbl\u00e4string \u00f6verbygning\" width=\"300\" height=\"225\" srcset=\"https:\/\/www.xn--vll-ula1g.se\/wp-content\/uploads\/2015\/02\/IMG_0953-300x225.jpg 300w, https:\/\/www.xn--vll-ula1g.se\/wp-content\/uploads\/2015\/02\/IMG_0953-1024x768.jpg 1024w\" sizes=\"(max-width: 300px) 100vw, 300px\" \/><\/a><p id=\"caption-attachment-335\" class=\"wp-caption-text\">Sandbl\u00e4string &#8211; \u00f6verbyggnad<\/p><\/div>\n<p><a href=\"http:\/\/www.xn--vll-ula1g.se\/wp-content\/uploads\/2015\/02\/IMG_0973.jpg\"><img loading=\"lazy\" decoding=\"async\" class=\"aligncenter wp-image-336 size-medium\" src=\"http:\/\/www.xn--vll-ula1g.se\/wp-content\/uploads\/2015\/02\/IMG_0973-300x225.jpg\" alt=\"Efter sandbl\u00e4string, f\u00f6ren\" width=\"300\" height=\"225\" srcset=\"https:\/\/www.xn--vll-ula1g.se\/wp-content\/uploads\/2015\/02\/IMG_0973-300x225.jpg 300w, https:\/\/www.xn--vll-ula1g.se\/wp-content\/uploads\/2015\/02\/IMG_0973-1024x768.jpg 1024w\" sizes=\"(max-width: 300px) 100vw, 300px\" \/><br \/>\n<\/a><\/p>\n","protected":false},"excerpt":{"rendered":"<p>Tillverkningsnr&nbsp;414&nbsp;typ Passb\u00e5t med namnet V\u00e5ll\u00f6 II Lidwall &amp; S\u00f6ner AB levererade denna passagerarb\u00e5t till V\u00e5ll\u00f6 b\u00e5tf\u00f6reningen den 17 december 1959. B\u00e5ten byggdes som isbrytande Passb\u00e5t f\u00f6r transport fr\u00e5n och till V\u00e5ll\u00f6 som ligger i Norra Kalmarsund. L\u00e4ngd 10 m. Bredd &hellip; <a href=\"https:\/\/www.xn--vll-ula1g.se\/?page_id=327\">L\u00e4s mer <span class=\"meta-nav\">&rarr;<\/span><\/a><\/p>\n","protected":false},"author":4,"featured_media":0,"parent":256,"menu_order":2,"comment_status":"closed","ping_status":"open","template":"onecolumn-page.php","meta":{"ngg_post_thumbnail":0,"footnotes":""},"class_list":["post-327","page","type-page","status-publish","hentry"],"_links":{"self":[{"href":"https:\/\/www.xn--vll-ula1g.se\/index.php?rest_route=\/wp\/v2\/pages\/327"}],"collection":[{"href":"https:\/\/www.xn--vll-ula1g.se\/index.php?rest_route=\/wp\/v2\/pages"}],"about":[{"href":"https:\/\/www.xn--vll-ula1g.se\/index.php?rest_route=\/wp\/v2\/types\/page"}],"author":[{"embeddable":true,"href":"https:\/\/www.xn--vll-ula1g.se\/index.php?rest_route=\/wp\/v2\/users\/4"}],"replies":[{"embeddable":true,"href":"https:\/\/www.xn--vll-ula1g.se\/index.php?rest_route=%2Fwp%2Fv2%2Fcomments&post=327"}],"version-history":[{"count":8,"href":"https:\/\/www.xn--vll-ula1g.se\/index.php?rest_route=\/wp\/v2\/pages\/327\/revisions"}],"predecessor-version":[{"id":957,"href":"https:\/\/www.xn--vll-ula1g.se\/index.php?rest_route=\/wp\/v2\/pages\/327\/revisions\/957"}],"up":[{"embeddable":true,"href":"https:\/\/www.xn--vll-ula1g.se\/index.php?rest_route=\/wp\/v2\/pages\/256"}],"wp:attachment":[{"href":"https:\/\/www.xn--vll-ula1g.se\/index.php?rest_route=%2Fwp%2Fv2%2Fmedia&parent=327"}],"curies":[{"name":"wp","href":"https:\/\/api.w.org\/{rel}","templated":true}]}}