{"id":256,"date":"2014-01-21T16:22:56","date_gmt":"2014-01-21T16:22:56","guid":{"rendered":"http:\/\/www.xn--vll-ula1g.se\/?page_id=256"},"modified":"2018-06-26T18:57:56","modified_gmt":"2018-06-26T18:57:56","slug":"batforeningen","status":"publish","type":"page","link":"https:\/\/www.xn--vll-ula1g.se\/?page_id=256","title":{"rendered":"B\u00e5tf\u00f6reningen"},"content":{"rendered":"<h2>V\u00e5ll\u00f6 B\u00e5tf\u00f6rening<\/h2>\n<p>B\u00e5tf\u00f6reningen \u00e4r en ekonomisk f\u00f6rening som ansvarar f\u00f6r drift och underh\u00e5ll av den gemensamma isbrytaren V\u00e5ll\u00f6 II.<\/p>\n<p>Fartyget s\u00e4krar transporten mellan \u00f6n och fastlandet p\u00e5 vintertid.<\/p>\n<p><img loading=\"lazy\" decoding=\"async\" class=\"alignleft size-medium wp-image-232\" src=\"http:\/\/www.xn--vll-ula1g.se\/wp-content\/uploads\/2011\/05\/IMG_72771-300x199.jpg\" sizes=\"(max-width: 300px) 100vw, 300px\" srcset=\"http:\/\/www.xn--vll-ula1g.se\/wp-content\/uploads\/2011\/05\/IMG_72771-300x199.jpg 300w, http:\/\/www.xn--vll-ula1g.se\/wp-content\/uploads\/2011\/05\/IMG_72771.jpg 800w\" alt=\"\" width=\"300\" height=\"199\"><\/p>\n<p><a href=\"http:\/\/www.xn--vll-ula1g.se\/wp-content\/uploads\/2014\/01\/Kallelse-til-ordinare-f\u00f6reningssammantr\u00e4de-2014.02.33.doc\">&nbsp;<\/a><\/p>\n","protected":false},"excerpt":{"rendered":"<p>V\u00e5ll\u00f6 B\u00e5tf\u00f6rening B\u00e5tf\u00f6reningen \u00e4r en ekonomisk f\u00f6rening som ansvarar f\u00f6r drift och underh\u00e5ll av den gemensamma isbrytaren V\u00e5ll\u00f6 II. Fartyget s\u00e4krar transporten mellan \u00f6n och fastlandet p\u00e5 vintertid. &nbsp;<\/p>\n","protected":false},"author":4,"featured_media":232,"parent":0,"menu_order":0,"comment_status":"closed","ping_status":"closed","template":"onecolumn-page.php","meta":{"ngg_post_thumbnail":0,"footnotes":""},"class_list":["post-256","page","type-page","status-publish","has-post-thumbnail","hentry"],"_links":{"self":[{"href":"https:\/\/www.xn--vll-ula1g.se\/index.php?rest_route=\/wp\/v2\/pages\/256"}],"collection":[{"href":"https:\/\/www.xn--vll-ula1g.se\/index.php?rest_route=\/wp\/v2\/pages"}],"about":[{"href":"https:\/\/www.xn--vll-ula1g.se\/index.php?rest_route=\/wp\/v2\/types\/page"}],"author":[{"embeddable":true,"href":"https:\/\/www.xn--vll-ula1g.se\/index.php?rest_route=\/wp\/v2\/users\/4"}],"replies":[{"embeddable":true,"href":"https:\/\/www.xn--vll-ula1g.se\/index.php?rest_route=%2Fwp%2Fv2%2Fcomments&post=256"}],"version-history":[{"count":13,"href":"https:\/\/www.xn--vll-ula1g.se\/index.php?rest_route=\/wp\/v2\/pages\/256\/revisions"}],"predecessor-version":[{"id":834,"href":"https:\/\/www.xn--vll-ula1g.se\/index.php?rest_route=\/wp\/v2\/pages\/256\/revisions\/834"}],"wp:featuredmedia":[{"embeddable":true,"href":"https:\/\/www.xn--vll-ula1g.se\/index.php?rest_route=\/wp\/v2\/media\/232"}],"wp:attachment":[{"href":"https:\/\/www.xn--vll-ula1g.se\/index.php?rest_route=%2Fwp%2Fv2%2Fmedia&parent=256"}],"curies":[{"name":"wp","href":"https:\/\/api.w.org\/{rel}","templated":true}]}}