{"id":209,"date":"2012-04-07T11:50:49","date_gmt":"2012-04-07T11:50:49","guid":{"rendered":"http:\/\/www.xn--vll-ula1g.se\/?page_id=209"},"modified":"2019-02-27T20:54:42","modified_gmt":"2019-02-27T20:54:42","slug":"bilder","status":"publish","type":"page","link":"https:\/\/www.xn--vll-ula1g.se\/?page_id=209","title":{"rendered":"V\u00e5ll\u00f6 II &#8211; Bilder"},"content":{"rendered":"<p>ngg_shortcode_0_placeholder&nbsp;<img loading=\"lazy\" decoding=\"async\" class=\"alignleft size-medium wp-image-491\" src=\"http:\/\/www.xn--vll-ula1g.se\/wp-content\/uploads\/2014\/06\/20161011_155110-001-300x212.jpg\" alt=\"\" width=\"300\" height=\"212\" srcset=\"https:\/\/www.xn--vll-ula1g.se\/wp-content\/uploads\/2014\/06\/20161011_155110-001-300x212.jpg 300w, https:\/\/www.xn--vll-ula1g.se\/wp-content\/uploads\/2014\/06\/20161011_155110-001-768x543.jpg 768w, https:\/\/www.xn--vll-ula1g.se\/wp-content\/uploads\/2014\/06\/20161011_155110-001-1024x724.jpg 1024w\" sizes=\"(max-width: 300px) 100vw, 300px\" \/> <img loading=\"lazy\" decoding=\"async\" class=\"alignleft size-medium wp-image-490\" src=\"http:\/\/www.xn--vll-ula1g.se\/wp-content\/uploads\/2014\/06\/20161011_154719-001-300x212.jpg\" alt=\"\" width=\"300\" height=\"212\" srcset=\"https:\/\/www.xn--vll-ula1g.se\/wp-content\/uploads\/2014\/06\/20161011_154719-001-300x212.jpg 300w, https:\/\/www.xn--vll-ula1g.se\/wp-content\/uploads\/2014\/06\/20161011_154719-001-768x542.jpg 768w, https:\/\/www.xn--vll-ula1g.se\/wp-content\/uploads\/2014\/06\/20161011_154719-001-1024x723.jpg 1024w\" sizes=\"(max-width: 300px) 100vw, 300px\" \/><\/p>\n<div id=\"attachment_337\" style=\"width: 310px\" class=\"wp-caption alignleft\"><img loading=\"lazy\" decoding=\"async\" aria-describedby=\"caption-attachment-337\" class=\"size-medium wp-image-337\" src=\"http:\/\/www.xn--vll-ula1g.se\/wp-content\/uploads\/2015\/02\/IMG_1456-300x225.jpg\" alt=\"\" width=\"300\" height=\"225\" srcset=\"https:\/\/www.xn--vll-ula1g.se\/wp-content\/uploads\/2015\/02\/IMG_1456-300x225.jpg 300w, https:\/\/www.xn--vll-ula1g.se\/wp-content\/uploads\/2015\/02\/IMG_1456-1024x768.jpg 1024w\" sizes=\"(max-width: 300px) 100vw, 300px\" \/><p id=\"caption-attachment-337\" class=\"wp-caption-text\">Hemma p\u00e5 V\u00e5ll\u00f6 &#8211; Januari 2012<\/p><\/div>\n<p><img loading=\"lazy\" decoding=\"async\" class=\"alignleft size-medium wp-image-336\" src=\"http:\/\/www.xn--vll-ula1g.se\/wp-content\/uploads\/2015\/02\/IMG_0973-300x225.jpg\" alt=\"\" width=\"300\" height=\"225\" srcset=\"https:\/\/www.xn--vll-ula1g.se\/wp-content\/uploads\/2015\/02\/IMG_0973-300x225.jpg 300w, https:\/\/www.xn--vll-ula1g.se\/wp-content\/uploads\/2015\/02\/IMG_0973-1024x768.jpg 1024w\" sizes=\"(max-width: 300px) 100vw, 300px\" \/> <img loading=\"lazy\" decoding=\"async\" class=\"alignleft size-medium wp-image-335\" src=\"http:\/\/www.xn--vll-ula1g.se\/wp-content\/uploads\/2015\/02\/IMG_0953-300x225.jpg\" alt=\"\" width=\"300\" height=\"225\" srcset=\"https:\/\/www.xn--vll-ula1g.se\/wp-content\/uploads\/2015\/02\/IMG_0953-300x225.jpg 300w, https:\/\/www.xn--vll-ula1g.se\/wp-content\/uploads\/2015\/02\/IMG_0953-1024x768.jpg 1024w\" sizes=\"(max-width: 300px) 100vw, 300px\" \/> <img loading=\"lazy\" decoding=\"async\" class=\"alignleft size-medium wp-image-334\" src=\"http:\/\/www.xn--vll-ula1g.se\/wp-content\/uploads\/2015\/02\/IMG_0948-300x169.jpg\" alt=\"\" width=\"300\" height=\"169\" srcset=\"https:\/\/www.xn--vll-ula1g.se\/wp-content\/uploads\/2015\/02\/IMG_0948-300x169.jpg 300w, https:\/\/www.xn--vll-ula1g.se\/wp-content\/uploads\/2015\/02\/IMG_0948-1024x575.jpg 1024w\" sizes=\"(max-width: 300px) 100vw, 300px\" \/> <img loading=\"lazy\" decoding=\"async\" class=\"alignleft size-medium wp-image-333\" src=\"http:\/\/www.xn--vll-ula1g.se\/wp-content\/uploads\/2015\/02\/V\u00e5ll\u00f6-II-p\u00e5-varv-1-300x190.jpg\" alt=\"\" width=\"300\" height=\"190\" srcset=\"https:\/\/www.xn--vll-ula1g.se\/wp-content\/uploads\/2015\/02\/V\u00e5ll\u00f6-II-p\u00e5-varv-1-300x190.jpg 300w, https:\/\/www.xn--vll-ula1g.se\/wp-content\/uploads\/2015\/02\/V\u00e5ll\u00f6-II-p\u00e5-varv-1.jpg 450w\" sizes=\"(max-width: 300px) 100vw, 300px\" \/> <img loading=\"lazy\" decoding=\"async\" class=\"alignleft size-medium wp-image-232\" src=\"http:\/\/www.xn--vll-ula1g.se\/wp-content\/uploads\/2011\/05\/IMG_72771-300x199.jpg\" alt=\"\" width=\"300\" height=\"199\" srcset=\"https:\/\/www.xn--vll-ula1g.se\/wp-content\/uploads\/2011\/05\/IMG_72771-300x199.jpg 300w, https:\/\/www.xn--vll-ula1g.se\/wp-content\/uploads\/2011\/05\/IMG_72771.jpg 800w\" sizes=\"(max-width: 300px) 100vw, 300px\" \/><\/p>\n<div id=\"attachment_134\" style=\"width: 310px\" class=\"wp-caption alignleft\"><img loading=\"lazy\" decoding=\"async\" aria-describedby=\"caption-attachment-134\" class=\"size-medium wp-image-134\" src=\"http:\/\/www.xn--vll-ula1g.se\/wp-content\/uploads\/2011\/05\/IMG_8287-300x163.jpg\" alt=\"\" width=\"300\" height=\"163\" srcset=\"https:\/\/www.xn--vll-ula1g.se\/wp-content\/uploads\/2011\/05\/IMG_8287-300x163.jpg 300w, https:\/\/www.xn--vll-ula1g.se\/wp-content\/uploads\/2011\/05\/IMG_8287.jpg 738w\" sizes=\"(max-width: 300px) 100vw, 300px\" \/><p id=\"caption-attachment-134\" class=\"wp-caption-text\">Isbrytaren &#8221;V\u00e5ll\u00f6 II&#8221;<\/p><\/div>\n<p><img loading=\"lazy\" decoding=\"async\" class=\"alignleft size-medium wp-image-26\" src=\"http:\/\/www.xn--vll-ula1g.se\/wp-content\/uploads\/2011\/05\/isbrytaren-300x225.jpg\" alt=\"\" width=\"300\" height=\"225\" srcset=\"https:\/\/www.xn--vll-ula1g.se\/wp-content\/uploads\/2011\/05\/isbrytaren-300x225.jpg 300w, https:\/\/www.xn--vll-ula1g.se\/wp-content\/uploads\/2011\/05\/isbrytaren.jpg 1000w\" sizes=\"(max-width: 300px) 100vw, 300px\" \/><\/p>\n","protected":false},"excerpt":{"rendered":"<p>&nbsp;<\/p>\n","protected":false},"author":4,"featured_media":0,"parent":256,"menu_order":3,"comment_status":"closed","ping_status":"open","template":"onecolumn-page.php","meta":{"ngg_post_thumbnail":0,"footnotes":""},"class_list":["post-209","page","type-page","status-publish","hentry"],"_links":{"self":[{"href":"https:\/\/www.xn--vll-ula1g.se\/index.php?rest_route=\/wp\/v2\/pages\/209"}],"collection":[{"href":"https:\/\/www.xn--vll-ula1g.se\/index.php?rest_route=\/wp\/v2\/pages"}],"about":[{"href":"https:\/\/www.xn--vll-ula1g.se\/index.php?rest_route=\/wp\/v2\/types\/page"}],"author":[{"embeddable":true,"href":"https:\/\/www.xn--vll-ula1g.se\/index.php?rest_route=\/wp\/v2\/users\/4"}],"replies":[{"embeddable":true,"href":"https:\/\/www.xn--vll-ula1g.se\/index.php?rest_route=%2Fwp%2Fv2%2Fcomments&post=209"}],"version-history":[{"count":6,"href":"https:\/\/www.xn--vll-ula1g.se\/index.php?rest_route=\/wp\/v2\/pages\/209\/revisions"}],"predecessor-version":[{"id":900,"href":"https:\/\/www.xn--vll-ula1g.se\/index.php?rest_route=\/wp\/v2\/pages\/209\/revisions\/900"}],"up":[{"embeddable":true,"href":"https:\/\/www.xn--vll-ula1g.se\/index.php?rest_route=\/wp\/v2\/pages\/256"}],"wp:attachment":[{"href":"https:\/\/www.xn--vll-ula1g.se\/index.php?rest_route=%2Fwp%2Fv2%2Fmedia&parent=209"}],"curies":[{"name":"wp","href":"https:\/\/api.w.org\/{rel}","templated":true}]}}